{"id":108,"date":"2019-05-08T18:26:29","date_gmt":"2019-05-08T18:26:29","guid":{"rendered":"http:\/\/ferienhaus.tsg-augsburg.de\/?page_id=108"},"modified":"2023-04-25T11:47:36","modified_gmt":"2023-04-25T11:47:36","slug":"ueber-ferienhaus-unterjoch","status":"publish","type":"page","link":"http:\/\/ferienhaus.tsg-augsburg.de\/?page_id=108","title":{"rendered":"\u00dcber Unterjoch"},"content":{"rendered":"<div class=\"wp-block-image\">\n<figure class=\"aligncenter size-large\"><img fetchpriority=\"high\" decoding=\"async\" width=\"1024\" height=\"724\" src=\"http:\/\/ferienhaus.tsg-augsburg.de\/wp-content\/uploads\/2021\/04\/Unterjoch_poster_2021-04_V5-1024x724.png\" alt=\"\" class=\"wp-image-263\" srcset=\"http:\/\/ferienhaus.tsg-augsburg.de\/wp-content\/uploads\/2021\/04\/Unterjoch_poster_2021-04_V5-1024x724.png 1024w, http:\/\/ferienhaus.tsg-augsburg.de\/wp-content\/uploads\/2021\/04\/Unterjoch_poster_2021-04_V5-300x212.png 300w, http:\/\/ferienhaus.tsg-augsburg.de\/wp-content\/uploads\/2021\/04\/Unterjoch_poster_2021-04_V5-768x543.png 768w, http:\/\/ferienhaus.tsg-augsburg.de\/wp-content\/uploads\/2021\/04\/Unterjoch_poster_2021-04_V5-1536x1086.png 1536w, http:\/\/ferienhaus.tsg-augsburg.de\/wp-content\/uploads\/2021\/04\/Unterjoch_poster_2021-04_V5-1140x806.png 1140w, http:\/\/ferienhaus.tsg-augsburg.de\/wp-content\/uploads\/2021\/04\/Unterjoch_poster_2021-04_V5.png 1754w\" sizes=\"(max-width: 1024px) 100vw, 1024px\" \/><\/figure><\/div>\n\n\n<p>F\u00fcr Familienurlaub oder Urlaub mit Freunden bieten wir Ihnen 27 \u00dcbernachtungsm\u00f6glichkeiten in unserem Ferienhaus in Unterjoch, einem Ortsteil von Bad Hindelang. Das Ferienhaus ist ein&nbsp;Selbstversorger- und Gruppenhaus. Es steht sowohl Mitgliedern, als auch Nichtmitgliedern zur Verf\u00fcgung.<\/p>\n\n\n\n<p>F\u00fcr Terminabsprachen steht Ihnen unsere Gesch\u00e4ftsstelle zur Verf\u00fcgung.<\/p>\n\n\n\n<p>Sommer oder Winter &#8211; Wer wandern will, findet das ganze Jahr ideale Verh\u00e4ltnisse vor. Am Sonnenhang-Lift in Unterjoch k\u00f6nnen Sie Skifahren oder Snowboarden, Langl\u00e4ufern stehen 80 km Loipen zur Verf\u00fcgung.<\/p>\n\n\n\n<p>Oberjoch und Bad Hindelang ganz in der N\u00e4he bietet weitere vielf\u00e4ltige M\u00f6glichkeiten.<\/p>\n\n\n\n<p><strong>Sportm\u00f6glichkeiten im Sommer:<\/strong><br>Wandern, Nordic-Walking, Mountainbiken, Radfahren, Inlineskaten\/Skiken, Schwimmen, Golf spielen, Angeln, Gleitschirmfliegen, Klettern, Rafting, Canyoning.<\/p>\n\n\n\n<p><strong>Sportm\u00f6glichkeiten im Winter:<\/strong><br>Skifahren, Snowboarden, Langlaufen, Rodeln, Winterwandern, Schneeschuhwandern, Schlittschuhlaufen und Eisstockschie\u00dfen auf Natureis.<\/p>\n\n\n\n<p><\/p>\n","protected":false},"excerpt":{"rendered":"<p>F\u00fcr Familienurlaub oder Urlaub mit Freunden bieten wir Ihnen 27 \u00dcbernachtungsm\u00f6glichkeiten in unserem Ferienhaus in Unterjoch, einem Ortsteil von Bad Hindelang. Das Ferienhaus ist ein&nbsp;Selbstversorger- und Gruppenhaus. Es steht sowohl Mitgliedern, als auch Nichtmitgliedern zur Verf\u00fcgung. F\u00fcr Terminabsprachen steht Ihnen unsere Gesch\u00e4ftsstelle zur Verf\u00fcgung. Sommer oder Winter &#8211; Wer wandern will, findet das ganze Jahr ideale Verh\u00e4ltnisse vor. Am Sonnenhang-Lift in Unterjoch k\u00f6nnen Sie Skifahren oder Snowboarden, Langl\u00e4ufern stehen 80 km Loipen zur Verf\u00fcgung. Oberjoch und Bad Hindelang ganz in der N\u00e4he bietet weitere vielf\u00e4ltige M\u00f6glichkeiten. Sportm\u00f6glichkeiten im Sommer:Wandern, Nordic-Walking, Mountainbiken, Radfahren, Inlineskaten\/Skiken, Schwimmen, Golf spielen, Angeln, Gleitschirmfliegen, Klettern, Rafting, Canyoning. Sportm\u00f6glichkeiten im Winter:Skifahren, Snowboarden, Langlaufen, Rodeln, Winterwandern, Schneeschuhwandern, Schlittschuhlaufen und Eisstockschie\u00dfen auf Natureis.<\/p>\n","protected":false},"author":1,"featured_media":0,"parent":0,"menu_order":0,"comment_status":"closed","ping_status":"closed","template":"","meta":{"footnotes":""},"class_list":["post-108","page","type-page","status-publish","hentry"],"_links":{"self":[{"href":"http:\/\/ferienhaus.tsg-augsburg.de\/index.php?rest_route=\/wp\/v2\/pages\/108","targetHints":{"allow":["GET"]}}],"collection":[{"href":"http:\/\/ferienhaus.tsg-augsburg.de\/index.php?rest_route=\/wp\/v2\/pages"}],"about":[{"href":"http:\/\/ferienhaus.tsg-augsburg.de\/index.php?rest_route=\/wp\/v2\/types\/page"}],"author":[{"embeddable":true,"href":"http:\/\/ferienhaus.tsg-augsburg.de\/index.php?rest_route=\/wp\/v2\/users\/1"}],"replies":[{"embeddable":true,"href":"http:\/\/ferienhaus.tsg-augsburg.de\/index.php?rest_route=%2Fwp%2Fv2%2Fcomments&post=108"}],"version-history":[{"count":17,"href":"http:\/\/ferienhaus.tsg-augsburg.de\/index.php?rest_route=\/wp\/v2\/pages\/108\/revisions"}],"predecessor-version":[{"id":328,"href":"http:\/\/ferienhaus.tsg-augsburg.de\/index.php?rest_route=\/wp\/v2\/pages\/108\/revisions\/328"}],"wp:attachment":[{"href":"http:\/\/ferienhaus.tsg-augsburg.de\/index.php?rest_route=%2Fwp%2Fv2%2Fmedia&parent=108"}],"curies":[{"name":"wp","href":"https:\/\/api.w.org\/{rel}","templated":true}]}}